{"id":260,"date":"2025-02-27T17:16:36","date_gmt":"2025-02-27T21:16:36","guid":{"rendered":"https:\/\/motomove.bike\/?post_type=product&#038;p=260"},"modified":"2025-05-06T09:01:22","modified_gmt":"2025-05-06T13:01:22","slug":"cargador-de-bateria","status":"publish","type":"product","link":"https:\/\/motomove.bike\/?product=cargador-de-bateria","title":{"rendered":"Cargador de Bater\u00eda para Moto"},"content":{"rendered":"<p>Mant\u00e9n la bater\u00eda de tu motocicleta siempre cargada y lista para usar con el\u00a0<strong>Cargador de Bater\u00eda para Moto Inteligente<\/strong>, un accesorio esencial para cualquier motociclista.\u00a0<strong>Este cargador<\/strong>, dise\u00f1ado con tecnolog\u00eda avanzada, ofrece una\u00a0<strong>carga lenta y autom\u00e1tica<\/strong>\u00a0de 12 V y 1000 mA, ideal para prolongar la vida \u00fatil de tu bater\u00eda.<\/p>\n<p><strong>En primer lugar<\/strong>, entre sus\u00a0<strong>caracter\u00edsticas principales<\/strong>\u00a0destacan:<\/p>\n<ul>\n<li><strong>Tecnolog\u00eda inteligente:<\/strong>\u00a0Carga autom\u00e1tica y segura, perfecta para bater\u00edas de plomo-\u00e1cido, inundadas o selladas sin mantenimiento.<\/li>\n<li><strong>Protecci\u00f3n avanzada:<\/strong>\u00a0<strong>Adem\u00e1s de ser<\/strong>\u00a0a prueba de chispas durante la conexi\u00f3n, cuenta con protecci\u00f3n contra polaridad inversa.<\/li>\n<li><strong>Compatibilidad universal:<\/strong>\u00a0<strong>Por si fuera poco<\/strong>, funciona con todo tipo de bater\u00edas de 12 V para motocicletas, autom\u00f3viles y cuatrimotos.<\/li>\n<li><strong>Indicadores LED:<\/strong>\u00a0<strong>Asimismo<\/strong>, proporcionan retroalimentaci\u00f3n visual del estado de carga y diagn\u00f3stico, incluso en modo de mantenimiento.<\/li>\n<li><strong>Dise\u00f1o compacto:<\/strong>\u00a0<strong>Gracias a<\/strong>\u00a0sus medidas de 6.096 cm de profundidad, 9.906 cm de ancho y 3.175 cm de alto, es f\u00e1cil de transportar y almacenar.<\/li>\n<\/ul>\n<p><strong>Adem\u00e1s<\/strong>, este\u00a0<strong>Cargador de Bater\u00eda para Moto<\/strong>\u00a0incluye todo lo que necesitas para una carga eficiente y segura:<\/p>\n<ul>\n<li>1 cargador de bater\u00eda para motocicletas.<\/li>\n<li>1 cable de alimentaci\u00f3n de CA.<\/li>\n<li>1 cable de salida de CC con conectores de clip.<\/li>\n<li>1 cable de salida de CC con conectores de anillo.<\/li>\n<li>1 gu\u00eda del usuario.<\/li>\n<\/ul>\n<p><strong>Por otro lado<\/strong>, cuenta con un\u00a0<strong>cable de salida de 8 pies<\/strong>\u00a0(aproximadamente 2.4 metros), lo que te brinda mayor flexibilidad para conectar el cargador a tu moto,\u00a0<strong>incluso<\/strong>\u00a0en espacios reducidos.<\/p>\n<p><strong>En <a href=\"https:\/\/motomove.bike\/\">MotoMove<\/a><\/strong>, nos preocupamos por la durabilidad y el rendimiento de tu motocicleta.\u00a0<strong>Por eso<\/strong>, te ofrecemos este cargador inteligente, dise\u00f1ado para mantener tu bater\u00eda en \u00f3ptimas condiciones y evitar sorpresas desagradables.\u00a0<strong>Ya sea<\/strong>\u00a0que uses tu moto a diario o la guardes por temporadas, este cargador es la soluci\u00f3n perfecta para asegurar que siempre est\u00e9 lista para rodar.<\/p>\n<p><strong>No esperes m\u00e1s.<\/strong>\u00a0Adquiere tu\u00a0<strong>Cargador de Bater\u00eda para Moto Inteligente<\/strong>\u00a0en\u00a0<strong>MotoMove<\/strong> y disfruta de la tranquilidad de tener una bater\u00eda siempre cargada. \u00a1Compra ahora y recibe env\u00edo r\u00e1pido!<\/p>\n","protected":false},"excerpt":{"rendered":"<p>Mant\u00e9n la bater\u00eda de tu motocicleta siempre cargada y lista para usar con el\u00a0Cargador de Bater\u00eda para Moto Inteligente, un [&hellip;]<\/p>\n","protected":false},"featured_media":319,"comment_status":"open","ping_status":"closed","template":"","meta":{"site-sidebar-layout":"default","site-content-layout":"","ast-site-content-layout":"default","site-content-style":"default","site-sidebar-style":"default","ast-global-header-display":"","ast-banner-title-visibility":"","ast-main-header-display":"","ast-hfb-above-header-display":"","ast-hfb-below-header-display":"","ast-hfb-mobile-header-display":"","site-post-title":"","ast-breadcrumbs-content":"","ast-featured-img":"","footer-sml-layout":"","theme-transparent-header-meta":"default","adv-header-id-meta":"","stick-header-meta":"","header-above-stick-meta":"","header-main-stick-meta":"","header-below-stick-meta":"","astra-migrate-meta-layouts":"set","ast-page-background-enabled":"default","ast-page-background-meta":{"desktop":{"background-color":"var(--ast-global-color-4)","background-image":"","background-repeat":"repeat","background-position":"center center","background-size":"auto","background-attachment":"scroll","background-type":"","background-media":"","overlay-type":"","overlay-color":"","overlay-opacity":"","overlay-gradient":""},"tablet":{"background-color":"","background-image":"","background-repeat":"repeat","background-position":"center center","background-size":"auto","background-attachment":"scroll","background-type":"","background-media":"","overlay-type":"","overlay-color":"","overlay-opacity":"","overlay-gradient":""},"mobile":{"background-color":"","background-image":"","background-repeat":"repeat","background-position":"center center","background-size":"auto","background-attachment":"scroll","background-type":"","background-media":"","overlay-type":"","overlay-color":"","overlay-opacity":"","overlay-gradient":""}},"ast-content-background-meta":{"desktop":{"background-color":"var(--ast-global-color-5)","background-image":"","background-repeat":"repeat","background-position":"center center","background-size":"auto","background-attachment":"scroll","background-type":"","background-media":"","overlay-type":"","overlay-color":"","overlay-opacity":"","overlay-gradient":""},"tablet":{"background-color":"var(--ast-global-color-5)","background-image":"","background-repeat":"repeat","background-position":"center center","background-size":"auto","background-attachment":"scroll","background-type":"","background-media":"","overlay-type":"","overlay-color":"","overlay-opacity":"","overlay-gradient":""},"mobile":{"background-color":"var(--ast-global-color-5)","background-image":"","background-repeat":"repeat","background-position":"center center","background-size":"auto","background-attachment":"scroll","background-type":"","background-media":"","overlay-type":"","overlay-color":"","overlay-opacity":"","overlay-gradient":""}}},"product_cat":[24],"product_tag":[],"class_list":{"0":"post-260","1":"product","2":"type-product","3":"status-publish","4":"has-post-thumbnail","6":"product_cat-cargador-de-bateria","7":"desktop-align-center","8":"tablet-align-left","9":"mobile-align-left","11":"first","12":"instock","13":"shipping-taxable","14":"product-type-simple"},"yoast_head":"<!-- This site is optimized with the Yoast SEO Premium plugin v23.9 (Yoast SEO v23.9) - https:\/\/yoast.com\/wordpress\/plugins\/seo\/ -->\n<title>Cargador de Bater\u00eda para Moto - Moto Move<\/title>\n<meta name=\"description\" content=\"Mant\u00e9n tu moto lista con el Cargador de Bater\u00eda para Moto Inteligente. Carga lenta, protecci\u00f3n avanzada y compatibilidad universal. \u00a1Compra en MotoMove!\" \/>\n<meta name=\"robots\" content=\"index, follow, max-snippet:-1, max-image-preview:large, max-video-preview:-1\" \/>\n<link rel=\"canonical\" href=\"https:\/\/motomove.bike\/?product=cargador-de-bateria\" \/>\n<meta property=\"og:locale\" content=\"es_ES\" \/>\n<meta property=\"og:type\" content=\"article\" \/>\n<meta property=\"og:title\" content=\"Cargador de Bater\u00eda para Moto\" \/>\n<meta property=\"og:description\" content=\"Mant\u00e9n tu moto lista con el Cargador de Bater\u00eda para Moto Inteligente. Carga lenta, protecci\u00f3n avanzada y compatibilidad universal. \u00a1Compra en MotoMove!\" \/>\n<meta property=\"og:url\" content=\"https:\/\/motomove.bike\/?product=cargador-de-bateria\" \/>\n<meta property=\"og:site_name\" content=\"Moto Move\" \/>\n<meta property=\"article:modified_time\" content=\"2025-05-06T13:01:22+00:00\" \/>\n<meta property=\"og:image\" content=\"https:\/\/motomove.bike\/wp-content\/uploads\/2025\/02\/Diseosinttulo59-ezgif.com-jpg-to-webp-converter.webp\" \/>\n\t<meta property=\"og:image:width\" content=\"1080\" \/>\n\t<meta property=\"og:image:height\" content=\"1084\" \/>\n\t<meta property=\"og:image:type\" content=\"image\/webp\" \/>\n<meta name=\"twitter:card\" content=\"summary_large_image\" \/>\n<meta name=\"twitter:label1\" content=\"Tiempo de lectura\" \/>\n\t<meta name=\"twitter:data1\" content=\"2 minutos\" \/>\n<script type=\"application\/ld+json\" class=\"yoast-schema-graph\">{\"@context\":\"https:\/\/schema.org\",\"@graph\":[{\"@type\":\"WebPage\",\"@id\":\"https:\/\/motomove.bike\/?product=cargador-de-bateria\",\"url\":\"https:\/\/motomove.bike\/?product=cargador-de-bateria\",\"name\":\"Cargador de Bater\u00eda para Moto - Moto Move\",\"isPartOf\":{\"@id\":\"https:\/\/motomove.bike\/#website\"},\"primaryImageOfPage\":{\"@id\":\"https:\/\/motomove.bike\/?product=cargador-de-bateria#primaryimage\"},\"image\":{\"@id\":\"https:\/\/motomove.bike\/?product=cargador-de-bateria#primaryimage\"},\"thumbnailUrl\":\"https:\/\/motomove.bike\/wp-content\/uploads\/2025\/02\/Diseosinttulo59-ezgif.com-jpg-to-webp-converter.webp\",\"datePublished\":\"2025-02-27T21:16:36+00:00\",\"dateModified\":\"2025-05-06T13:01:22+00:00\",\"description\":\"Mant\u00e9n tu moto lista con el Cargador de Bater\u00eda para Moto Inteligente. Carga lenta, protecci\u00f3n avanzada y compatibilidad universal. \u00a1Compra en MotoMove!\",\"breadcrumb\":{\"@id\":\"https:\/\/motomove.bike\/?product=cargador-de-bateria#breadcrumb\"},\"inLanguage\":\"es\",\"potentialAction\":[{\"@type\":\"ReadAction\",\"target\":[\"https:\/\/motomove.bike\/?product=cargador-de-bateria\"]}]},{\"@type\":\"ImageObject\",\"inLanguage\":\"es\",\"@id\":\"https:\/\/motomove.bike\/?product=cargador-de-bateria#primaryimage\",\"url\":\"https:\/\/motomove.bike\/wp-content\/uploads\/2025\/02\/Diseosinttulo59-ezgif.com-jpg-to-webp-converter.webp\",\"contentUrl\":\"https:\/\/motomove.bike\/wp-content\/uploads\/2025\/02\/Diseosinttulo59-ezgif.com-jpg-to-webp-converter.webp\",\"width\":1080,\"height\":1084,\"caption\":\"Cargador de Bater\u00eda para Moto\"},{\"@type\":\"BreadcrumbList\",\"@id\":\"https:\/\/motomove.bike\/?product=cargador-de-bateria#breadcrumb\",\"itemListElement\":[{\"@type\":\"ListItem\",\"position\":1,\"name\":\"Home\",\"item\":\"https:\/\/motomove.bike\/\"},{\"@type\":\"ListItem\",\"position\":2,\"name\":\"Shop\",\"item\":\"https:\/\/motomove.bike\/?page_id=83\"},{\"@type\":\"ListItem\",\"position\":3,\"name\":\"Cargador de Bater\u00eda para Moto\"}]},{\"@type\":\"WebSite\",\"@id\":\"https:\/\/motomove.bike\/#website\",\"url\":\"https:\/\/motomove.bike\/\",\"name\":\"Moto Move\",\"description\":\"\",\"publisher\":{\"@id\":\"https:\/\/motomove.bike\/#organization\"},\"potentialAction\":[{\"@type\":\"SearchAction\",\"target\":{\"@type\":\"EntryPoint\",\"urlTemplate\":\"https:\/\/motomove.bike\/?s={search_term_string}\"},\"query-input\":{\"@type\":\"PropertyValueSpecification\",\"valueRequired\":true,\"valueName\":\"search_term_string\"}}],\"inLanguage\":\"es\"},{\"@type\":\"Organization\",\"@id\":\"https:\/\/motomove.bike\/#organization\",\"name\":\"Moto Move\",\"url\":\"https:\/\/motomove.bike\/\",\"logo\":{\"@type\":\"ImageObject\",\"inLanguage\":\"es\",\"@id\":\"https:\/\/motomove.bike\/#\/schema\/logo\/image\/\",\"url\":\"https:\/\/motomove.bike\/wp-content\/uploads\/2025\/09\/cropped-cropped-Logo-motomove.png\",\"contentUrl\":\"https:\/\/motomove.bike\/wp-content\/uploads\/2025\/09\/cropped-cropped-Logo-motomove.png\",\"width\":512,\"height\":512,\"caption\":\"Moto Move\"},\"image\":{\"@id\":\"https:\/\/motomove.bike\/#\/schema\/logo\/image\/\"}}]}<\/script>\n<!-- \/ Yoast SEO Premium plugin. -->","yoast_head_json":{"title":"Cargador de Bater\u00eda para Moto - Moto Move","description":"Mant\u00e9n tu moto lista con el Cargador de Bater\u00eda para Moto Inteligente. Carga lenta, protecci\u00f3n avanzada y compatibilidad universal. \u00a1Compra en MotoMove!","robots":{"index":"index","follow":"follow","max-snippet":"max-snippet:-1","max-image-preview":"max-image-preview:large","max-video-preview":"max-video-preview:-1"},"canonical":"https:\/\/motomove.bike\/?product=cargador-de-bateria","og_locale":"es_ES","og_type":"article","og_title":"Cargador de Bater\u00eda para Moto","og_description":"Mant\u00e9n tu moto lista con el Cargador de Bater\u00eda para Moto Inteligente. Carga lenta, protecci\u00f3n avanzada y compatibilidad universal. \u00a1Compra en MotoMove!","og_url":"https:\/\/motomove.bike\/?product=cargador-de-bateria","og_site_name":"Moto Move","article_modified_time":"2025-05-06T13:01:22+00:00","og_image":[{"width":1080,"height":1084,"url":"https:\/\/motomove.bike\/wp-content\/uploads\/2025\/02\/Diseosinttulo59-ezgif.com-jpg-to-webp-converter.webp","type":"image\/webp"}],"twitter_card":"summary_large_image","twitter_misc":{"Tiempo de lectura":"2 minutos"},"schema":{"@context":"https:\/\/schema.org","@graph":[{"@type":"WebPage","@id":"https:\/\/motomove.bike\/?product=cargador-de-bateria","url":"https:\/\/motomove.bike\/?product=cargador-de-bateria","name":"Cargador de Bater\u00eda para Moto - Moto Move","isPartOf":{"@id":"https:\/\/motomove.bike\/#website"},"primaryImageOfPage":{"@id":"https:\/\/motomove.bike\/?product=cargador-de-bateria#primaryimage"},"image":{"@id":"https:\/\/motomove.bike\/?product=cargador-de-bateria#primaryimage"},"thumbnailUrl":"https:\/\/motomove.bike\/wp-content\/uploads\/2025\/02\/Diseosinttulo59-ezgif.com-jpg-to-webp-converter.webp","datePublished":"2025-02-27T21:16:36+00:00","dateModified":"2025-05-06T13:01:22+00:00","description":"Mant\u00e9n tu moto lista con el Cargador de Bater\u00eda para Moto Inteligente. Carga lenta, protecci\u00f3n avanzada y compatibilidad universal. \u00a1Compra en MotoMove!","breadcrumb":{"@id":"https:\/\/motomove.bike\/?product=cargador-de-bateria#breadcrumb"},"inLanguage":"es","potentialAction":[{"@type":"ReadAction","target":["https:\/\/motomove.bike\/?product=cargador-de-bateria"]}]},{"@type":"ImageObject","inLanguage":"es","@id":"https:\/\/motomove.bike\/?product=cargador-de-bateria#primaryimage","url":"https:\/\/motomove.bike\/wp-content\/uploads\/2025\/02\/Diseosinttulo59-ezgif.com-jpg-to-webp-converter.webp","contentUrl":"https:\/\/motomove.bike\/wp-content\/uploads\/2025\/02\/Diseosinttulo59-ezgif.com-jpg-to-webp-converter.webp","width":1080,"height":1084,"caption":"Cargador de Bater\u00eda para Moto"},{"@type":"BreadcrumbList","@id":"https:\/\/motomove.bike\/?product=cargador-de-bateria#breadcrumb","itemListElement":[{"@type":"ListItem","position":1,"name":"Home","item":"https:\/\/motomove.bike\/"},{"@type":"ListItem","position":2,"name":"Shop","item":"https:\/\/motomove.bike\/?page_id=83"},{"@type":"ListItem","position":3,"name":"Cargador de Bater\u00eda para Moto"}]},{"@type":"WebSite","@id":"https:\/\/motomove.bike\/#website","url":"https:\/\/motomove.bike\/","name":"Moto Move","description":"","publisher":{"@id":"https:\/\/motomove.bike\/#organization"},"potentialAction":[{"@type":"SearchAction","target":{"@type":"EntryPoint","urlTemplate":"https:\/\/motomove.bike\/?s={search_term_string}"},"query-input":{"@type":"PropertyValueSpecification","valueRequired":true,"valueName":"search_term_string"}}],"inLanguage":"es"},{"@type":"Organization","@id":"https:\/\/motomove.bike\/#organization","name":"Moto Move","url":"https:\/\/motomove.bike\/","logo":{"@type":"ImageObject","inLanguage":"es","@id":"https:\/\/motomove.bike\/#\/schema\/logo\/image\/","url":"https:\/\/motomove.bike\/wp-content\/uploads\/2025\/09\/cropped-cropped-Logo-motomove.png","contentUrl":"https:\/\/motomove.bike\/wp-content\/uploads\/2025\/09\/cropped-cropped-Logo-motomove.png","width":512,"height":512,"caption":"Moto Move"},"image":{"@id":"https:\/\/motomove.bike\/#\/schema\/logo\/image\/"}}]}},"_links":{"self":[{"href":"https:\/\/motomove.bike\/index.php?rest_route=\/wp\/v2\/product\/260","targetHints":{"allow":["GET"]}}],"collection":[{"href":"https:\/\/motomove.bike\/index.php?rest_route=\/wp\/v2\/product"}],"about":[{"href":"https:\/\/motomove.bike\/index.php?rest_route=\/wp\/v2\/types\/product"}],"replies":[{"embeddable":true,"href":"https:\/\/motomove.bike\/index.php?rest_route=%2Fwp%2Fv2%2Fcomments&post=260"}],"wp:featuredmedia":[{"embeddable":true,"href":"https:\/\/motomove.bike\/index.php?rest_route=\/wp\/v2\/media\/319"}],"wp:attachment":[{"href":"https:\/\/motomove.bike\/index.php?rest_route=%2Fwp%2Fv2%2Fmedia&parent=260"}],"wp:term":[{"taxonomy":"product_cat","embeddable":true,"href":"https:\/\/motomove.bike\/index.php?rest_route=%2Fwp%2Fv2%2Fproduct_cat&post=260"},{"taxonomy":"product_tag","embeddable":true,"href":"https:\/\/motomove.bike\/index.php?rest_route=%2Fwp%2Fv2%2Fproduct_tag&post=260"}],"curies":[{"name":"wp","href":"https:\/\/api.w.org\/{rel}","templated":true}]}}